{"id":3450,"date":"2022-01-11T17:37:05","date_gmt":"2022-01-11T15:37:05","guid":{"rendered":"https:\/\/www.cmprojectsandservices.com\/?page_id=3450"},"modified":"2022-01-11T18:08:20","modified_gmt":"2022-01-11T16:08:20","slug":"our-services","status":"publish","type":"page","link":"https:\/\/www.cmprojectsandservices.com\/en\/our-services\/","title":{"rendered":"Our Services"},"content":{"rendered":"<p>[vc_row][vc_column][vc_column_text]<div class=\"title os-animation\" data-os-animation=\"fadeIn\" data-os-animation-delay=\"0.2s\">\r\n                                  <h2>What we do?<\/h2>\r\n                                  <div class=\"title-separator\"><i class=\"fa fa-ellipsis-h\"><\/i><\/div>\r\n                                  <h6><\/h6>\r\n                                <\/div>[\/vc_column_text][\/vc_column][\/vc_row][vc_row][vc_column width=&#8221;2\/3&#8243;][vc_tta_accordion][vc_tta_section i_icon_fontawesome=&#8221;fa fa-wrench&#8221; title=&#8221;Both preventive and resolutive maintenance with possible incidents&#8221; tab_id=&#8221;mantenimiento-preventivo-resolutivo-incidencias&#8221; add_icon=&#8221;true&#8221;][vc_column_text]Our maintenance work includes the services necessary for the maintenance and proper operation of the property:<\/p>\n<ul>\n<li>Electrician.<\/li>\n<li>Plumber.<\/li>\n<li>TV Antenna.<\/li>\n<li>Locksmith.<\/li>\n<li>Gardener.<\/li>\n<li>Pool maintainer.<\/li>\n<li>Bricklayer.<\/li>\n<\/ul>\n<p>[\/vc_column_text][\/vc_tta_section][vc_tta_section i_icon_fontawesome=&#8221;fa fa-paint-brush&#8221; title=&#8221;Comprehensive cleaning of the property.&#8221; tab_id=&#8221;limpieza-integral-propiedad&#8221; add_icon=&#8221;true&#8221;][vc_column_text]We have the <strong> most advanced cleaning machinery and the best disinfectant products <\/strong> including an ecological range of cleaning products. We have several cleaning methods<\/p>\n<h4>Property cleaning for owners<\/h4>\n<p>Our operators carry out a <strong> cleaning adapted to the needs and under the standards established by the owners <\/strong>, with the frequency designated by them. Likewise, we also carry out the property&#8217;s ironing service on demand.<\/p>\n<h4>Cleaning of property for vacation use<\/h4>\n<p>Our operators carry out a cleaning after the clients&#8217; checkout using disinfectant products <strong> throughout the facility <\/strong>, including the laundry service of bedding with <strong> anticovid washing protocol <\/strong>.<\/p>\n<p>We must highlight the importance of <strong> cleanliness in vacation properties <\/strong>, it is the main point that guests value on <strong> vacation rental <\/strong> platforms both for <strong> hygiene <\/strong> as for <strong> health safety<\/strong>.[\/vc_column_text][\/vc_tta_section][vc_tta_section i_icon_fontawesome=&#8221;fa fa-key&#8221; title=&#8221;Keys custody&#8221; tab_id=&#8221;1640251597940-476fbaeb-ee04&#8243; add_icon=&#8221;true&#8221;][vc_column_text]One or more copies of the keys to access the property are kept in our facilities for possible eventualities, including:<br \/>\nKeys requirement by owners or other possible authorized tenants, reception of suppliers, possible repairs in the property while the owners are absent.[\/vc_column_text][\/vc_tta_section][vc_tta_section i_icon_fontawesome=&#8221;fa fa-check&#8221; title=&#8221;Comprehensive management of reservations and guests in vacation properties.&#8221; tab_id=&#8221;1640251647219-2183bee4-8bbf&#8221; add_icon=&#8221;true&#8221;][vc_column_text]We carry out the integral management service of the vacation property, a turnkey service that includes from the location of clients, collection, Checking &amp; amp; Checkout, personalized attention to incidents, web positioning of the property in vacation rental platforms, etc &#8230;[\/vc_column_text][\/vc_tta_section][vc_tta_section title=&#8221;Assistance and reception of property providers.&#8221; tab_id=&#8221;1640251674861-c4ac78db-c0a7&#8243;][vc_column_text]In the event that the owners are absent, we assist and welcome suppliers and technicians on the property.[\/vc_column_text][\/vc_tta_section][vc_tta_section i_icon_fontawesome=&#8221;fa fa-search&#8221; title=&#8221;Verification of property status in case of non-use of owners.&#8221; tab_id=&#8221;1640251853047-bcdf16f6-8ff2&#8243; add_icon=&#8221;true&#8221;][vc_column_text]We verify in person the status of the property periodically in case the owners are absent, thus carrying out a work to control the facilities and prevent possible incidents for their immediate repair.[\/vc_column_text][\/vc_tta_section][vc_tta_section i_icon_fontawesome=&#8221;fa fa-comments-o&#8221; title=&#8221;Marketing advice&#8221; tab_id=&#8221;1640251878753-ee7133c0-929c&#8221; add_icon=&#8221;true&#8221;][vc_column_text]Our Marketing department is designed to give greater visibility to the properties in the vacation segment with professional photographers, computer scientists, marketing experts and vacation rental experts.[\/vc_column_text][\/vc_tta_section][vc_tta_section i_icon_fontawesome=&#8221;fa fa-user&#8221; title=&#8221;Home Staging Advice&#8221; tab_id=&#8221;1640251904849-9c7cbcbd-e763&#8243; add_icon=&#8221;true&#8221;][vc_column_text]Our Home Staging department will advise you to get the most out of your property, whether for personal or vacation use.[\/vc_column_text][\/vc_tta_section][\/vc_tta_accordion][\/vc_column][vc_column width=&#8221;1\/3&#8243;][vc_single_image image=&#8221;3170&#8243; img_size=&#8221;large&#8221;][\/vc_column][\/vc_row][vc_row el_id=&#8221;fila-oculta&#8221;][vc_column][vc_column_text]Nuestra labor consiste en una gesti\u00f3n y mantenimiento integral de su vivienda ya sea residencia habitual o de uso vacacional :<\/p>\n<p>&nbsp;<\/p>\n<p><strong>Guardia y custodia de llaves .<\/strong><\/p>\n<p>Una o varias copias de las llaves de acceso a la propiedad se custodian en nuestras instalaciones para posibles eventualidades entre ellas :<br \/>\nRequerimiento de llaves por parte de propietarios u otros posibles inquilinos autorizados , recepci\u00f3n de proveedores , posibles reparaciones en la propiedad estando ausentes los propietarios.<\/p>\n<p><strong>Gesti\u00f3n integral de reservas y hu\u00e9spedes en propiedades vacacionales.<\/strong><\/p>\n<p>Realizamos el servicio de gesti\u00f3n integral de la propiedad vacacional, un servicio llave en mano que incluye desde la localizaci\u00f3n de clientes, cobro , Checking &amp; Checkout, atenci\u00f3n personalizada de incidencias , posicionamiento web de la propiedad en plataformas de alquiler vacacional ,etc\u2026<\/p>\n<p><strong>Asistencia y recepci\u00f3n de proveedores de la propiedad.<\/strong><\/p>\n<p>En caso de que los propietarios se encuentren ausentes asistimos y recepcionamos en la propiedad a proveedores y t\u00e9cnicos .<\/p>\n<p><strong>Verificaci\u00f3n de estado de propiedad en caso de no uso de propietarios.<\/strong><\/p>\n<p>Verificamos presencialmente el estado de la propiedad peri\u00f3dicamente en caso de que los propietarios se encuentren ausentes , realizando as\u00ed una labor de control de las instalaciones y preventiva de posibles incidencias para su inmediata reparaci\u00f3n .<\/p>\n<p><strong>Asesoramiento en Marketing .<\/strong><\/p>\n<p>Nuestro departamento de Marketing est\u00e1 dise\u00f1ado para dar una mayor visibilidad de las propiedades en el secmento vacacional contando con fot\u00f3grafos profesionales , inform\u00e1ticos , expertos en marketing y expertos en alquiler vacacional .<\/p>\n<p><strong>Asesoramiento de Home Staging tanto para disfrutar al m\u00e1ximo su propiedad como para sacarle el mayor rendimiento en vacacional .<\/strong><\/p>\n<p>Nuestro departamento de Home Staging les asesorar\u00e1 para sacarle el mayor rendimiento a su propiedad ya sea para uso personal o vacacional .[\/vc_column_text][\/vc_column][\/vc_row][vc_row el_id=&#8221;fila-oculta&#8221;][vc_column width=&#8221;1\/3&#8243;][vc_column_text]<a href=\"https:\/\/www.cmprojectsandservices.com\/electronic-locks\/\"><img class=\"aligncenter size-full wp-image-2648\" src=\"https:\/\/www.cmprojectsandservices.com\/wp-content\/uploads\/cover-electronic-1.jpg\" alt=\"\" width=\"1246\" height=\"831\" srcset=\"https:\/\/www.cmprojectsandservices.com\/wp-content\/uploads\/cover-electronic-1.jpg 1246w, https:\/\/www.cmprojectsandservices.com\/wp-content\/uploads\/cover-electronic-1-300x200.jpg 300w, https:\/\/www.cmprojectsandservices.com\/wp-content\/uploads\/cover-electronic-1-768x512.jpg 768w, https:\/\/www.cmprojectsandservices.com\/wp-content\/uploads\/cover-electronic-1-1024x683.jpg 1024w\" sizes=\"(max-width: 1246px) 100vw, 1246px\" \/><\/a>[\/vc_column_text][\/vc_column][vc_column width=&#8221;1\/3&#8243;][vc_column_text]<img class=\"aligncenter size-full wp-image-2566\" src=\"https:\/\/www.cmprojectsandservices.com\/wp-content\/uploads\/cover-home.jpg\" alt=\"\" width=\"1246\" height=\"831\" srcset=\"https:\/\/www.cmprojectsandservices.com\/wp-content\/uploads\/cover-home.jpg 1246w, https:\/\/www.cmprojectsandservices.com\/wp-content\/uploads\/cover-home-300x200.jpg 300w, https:\/\/www.cmprojectsandservices.com\/wp-content\/uploads\/cover-home-768x512.jpg 768w, https:\/\/www.cmprojectsandservices.com\/wp-content\/uploads\/cover-home-1024x683.jpg 1024w\" sizes=\"(max-width: 1246px) 100vw, 1246px\" \/>[\/vc_column_text][\/vc_column][vc_column width=&#8221;1\/3&#8243;][vc_column_text]<img class=\"aligncenter size-full wp-image-2567\" src=\"https:\/\/www.cmprojectsandservices.com\/wp-content\/uploads\/cover-interior.jpg\" alt=\"\" width=\"1246\" height=\"831\" srcset=\"https:\/\/www.cmprojectsandservices.com\/wp-content\/uploads\/cover-interior.jpg 1246w, https:\/\/www.cmprojectsandservices.com\/wp-content\/uploads\/cover-interior-300x200.jpg 300w, https:\/\/www.cmprojectsandservices.com\/wp-content\/uploads\/cover-interior-768x512.jpg 768w, https:\/\/www.cmprojectsandservices.com\/wp-content\/uploads\/cover-interior-1024x683.jpg 1024w\" sizes=\"(max-width: 1246px) 100vw, 1246px\" \/>[\/vc_column_text][\/vc_column][\/vc_row][vc_row el_id=&#8221;fila-oculta&#8221;][vc_column width=&#8221;1\/2&#8243;][vc_column_text]<a href=\"https:\/\/www.cmprojectsandservices.com\/additional-management-services\/\"><img class=\"aligncenter wp-image-2507 size-full\" src=\"https:\/\/www.cmprojectsandservices.com\/wp-content\/uploads\/cover-additional.jpg\" width=\"900\" height=\"600\" srcset=\"https:\/\/www.cmprojectsandservices.com\/wp-content\/uploads\/cover-additional.jpg 900w, https:\/\/www.cmprojectsandservices.com\/wp-content\/uploads\/cover-additional-300x200.jpg 300w, https:\/\/www.cmprojectsandservices.com\/wp-content\/uploads\/cover-additional-768x512.jpg 768w\" sizes=\"(max-width: 900px) 100vw, 900px\" \/><\/a>[\/vc_column_text][\/vc_column][vc_column width=&#8221;1\/2&#8243;][vc_column_text]<a href=\"https:\/\/www.cmprojectsandservices.com\/rentals-management\"><img class=\"aligncenter wp-image-2599 size-full\" src=\"https:\/\/www.cmprojectsandservices.com\/wp-content\/uploads\/cover-rental2.jpg\" width=\"900\" height=\"600\" srcset=\"https:\/\/www.cmprojectsandservices.com\/wp-content\/uploads\/cover-rental2.jpg 900w, https:\/\/www.cmprojectsandservices.com\/wp-content\/uploads\/cover-rental2-300x200.jpg 300w, https:\/\/www.cmprojectsandservices.com\/wp-content\/uploads\/cover-rental2-768x512.jpg 768w\" sizes=\"(max-width: 900px) 100vw, 900px\" \/><\/a>[\/vc_column_text][\/vc_column][\/vc_row]<\/p>\n","protected":false},"excerpt":{"rendered":"<p>[vc_row][vc_column][vc_column_text][\/vc_column_text][\/vc_column][\/vc_row][vc_row][vc_column width=&#8221;2\/3&#8243;][vc_tta_accordion][vc_tta_section i_icon_fontawesome=&#8221;fa fa-wrench&#8221; title=&#8221;Both preventive and resolutive maintenance with possible incidents&#8221; tab_id=&#8221;mantenimiento-preventivo-resolutivo-incidencias&#8221; add_icon=&#8221;true&#8221;][vc_column_text]Our maintenance work includes the services necessary for the maintenance and proper operation of the property: Electrician. Plumber. TV Antenna. Locksmith. Gardener. Pool maintainer. Bricklayer. [\/vc_column_text][\/vc_tta_section][vc_tta_section i_icon_fontawesome=&#8221;fa fa-paint-brush&#8221; title=&#8221;Comprehensive cleaning of the property.&#8221; tab_id=&#8221;limpieza-integral-propiedad&#8221; add_icon=&#8221;true&#8221;][vc_column_text]We have the most advanced cleaning machinery and [&hellip;]<\/p>\n","protected":false},"author":2,"featured_media":0,"parent":0,"menu_order":0,"comment_status":"closed","ping_status":"closed","template":"page-fullwidth.php","meta":[],"yoast_head":"<!-- This site is optimized with the Yoast SEO plugin v19.5.1 - https:\/\/yoast.com\/wordpress\/plugins\/seo\/ -->\n<title>Our Services - CM Projects &amp; Services<\/title>\n<meta name=\"robots\" content=\"index, follow, max-snippet:-1, max-image-preview:large, max-video-preview:-1\" \/>\n<link rel=\"canonical\" href=\"https:\/\/www.cmprojectsandservices.com\/en\/our-services\/\" \/>\n<meta property=\"og:locale\" content=\"en_US\" \/>\n<meta property=\"og:type\" content=\"article\" \/>\n<meta property=\"og:title\" content=\"Our Services - CM Projects &amp; Services\" \/>\n<meta property=\"og:description\" content=\"[vc_row][vc_column][vc_column_text][\/vc_column_text][\/vc_column][\/vc_row][vc_row][vc_column width=&#8221;2\/3&#8243;][vc_tta_accordion][vc_tta_section i_icon_fontawesome=&#8221;fa fa-wrench&#8221; title=&#8221;Both preventive and resolutive maintenance with possible incidents&#8221; tab_id=&#8221;mantenimiento-preventivo-resolutivo-incidencias&#8221; add_icon=&#8221;true&#8221;][vc_column_text]Our maintenance work includes the services necessary for the maintenance and proper operation of the property: Electrician. Plumber. TV Antenna. Locksmith. Gardener. Pool maintainer. Bricklayer. [\/vc_column_text][\/vc_tta_section][vc_tta_section i_icon_fontawesome=&#8221;fa fa-paint-brush&#8221; title=&#8221;Comprehensive cleaning of the property.&#8221; tab_id=&#8221;limpieza-integral-propiedad&#8221; add_icon=&#8221;true&#8221;][vc_column_text]We have the most advanced cleaning machinery and [&hellip;]\" \/>\n<meta property=\"og:url\" content=\"https:\/\/www.cmprojectsandservices.com\/en\/our-services\/\" \/>\n<meta property=\"og:site_name\" content=\"CM Projects &amp; Services\" \/>\n<meta property=\"article:modified_time\" content=\"2022-01-11T16:08:20+00:00\" \/>\n<meta property=\"og:image\" content=\"https:\/\/www.cmprojectsandservices.com\/wp-content\/uploads\/cover-electronic-1.jpg\" \/>\n<meta name=\"twitter:card\" content=\"summary\" \/>\n<meta name=\"twitter:label1\" content=\"Est. reading time\" \/>\n\t<meta name=\"twitter:data1\" content=\"5 minutes\" \/>\n<script type=\"application\/ld+json\" class=\"yoast-schema-graph\">{\"@context\":\"https:\/\/schema.org\",\"@graph\":[{\"@type\":\"WebPage\",\"@id\":\"https:\/\/www.cmprojectsandservices.com\/en\/our-services\/\",\"url\":\"https:\/\/www.cmprojectsandservices.com\/en\/our-services\/\",\"name\":\"Our Services - CM Projects &amp; Services\",\"isPartOf\":{\"@id\":\"https:\/\/www.cmprojectsandservices.com\/#website\"},\"datePublished\":\"2022-01-11T15:37:05+00:00\",\"dateModified\":\"2022-01-11T16:08:20+00:00\",\"breadcrumb\":{\"@id\":\"https:\/\/www.cmprojectsandservices.com\/en\/our-services\/#breadcrumb\"},\"inLanguage\":\"en-US\",\"potentialAction\":[{\"@type\":\"ReadAction\",\"target\":[\"https:\/\/www.cmprojectsandservices.com\/en\/our-services\/\"]}]},{\"@type\":\"BreadcrumbList\",\"@id\":\"https:\/\/www.cmprojectsandservices.com\/en\/our-services\/#breadcrumb\",\"itemListElement\":[{\"@type\":\"ListItem\",\"position\":1,\"name\":\"Portada\",\"item\":\"https:\/\/www.cmprojectsandservices.com\/en\/\"},{\"@type\":\"ListItem\",\"position\":2,\"name\":\"Our Services\"}]},{\"@type\":\"WebSite\",\"@id\":\"https:\/\/www.cmprojectsandservices.com\/#website\",\"url\":\"https:\/\/www.cmprojectsandservices.com\/\",\"name\":\"CM Projects &amp; Services\",\"description\":\"\",\"potentialAction\":[{\"@type\":\"SearchAction\",\"target\":{\"@type\":\"EntryPoint\",\"urlTemplate\":\"https:\/\/www.cmprojectsandservices.com\/?s={search_term_string}\"},\"query-input\":\"required name=search_term_string\"}],\"inLanguage\":\"en-US\"}]}<\/script>\n<!-- \/ Yoast SEO plugin. -->","yoast_head_json":{"title":"Our Services - CM Projects &amp; Services","robots":{"index":"index","follow":"follow","max-snippet":"max-snippet:-1","max-image-preview":"max-image-preview:large","max-video-preview":"max-video-preview:-1"},"canonical":"https:\/\/www.cmprojectsandservices.com\/en\/our-services\/","og_locale":"en_US","og_type":"article","og_title":"Our Services - CM Projects &amp; Services","og_description":"[vc_row][vc_column][vc_column_text][\/vc_column_text][\/vc_column][\/vc_row][vc_row][vc_column width=&#8221;2\/3&#8243;][vc_tta_accordion][vc_tta_section i_icon_fontawesome=&#8221;fa fa-wrench&#8221; title=&#8221;Both preventive and resolutive maintenance with possible incidents&#8221; tab_id=&#8221;mantenimiento-preventivo-resolutivo-incidencias&#8221; add_icon=&#8221;true&#8221;][vc_column_text]Our maintenance work includes the services necessary for the maintenance and proper operation of the property: Electrician. Plumber. TV Antenna. Locksmith. Gardener. Pool maintainer. Bricklayer. [\/vc_column_text][\/vc_tta_section][vc_tta_section i_icon_fontawesome=&#8221;fa fa-paint-brush&#8221; title=&#8221;Comprehensive cleaning of the property.&#8221; tab_id=&#8221;limpieza-integral-propiedad&#8221; add_icon=&#8221;true&#8221;][vc_column_text]We have the most advanced cleaning machinery and [&hellip;]","og_url":"https:\/\/www.cmprojectsandservices.com\/en\/our-services\/","og_site_name":"CM Projects &amp; Services","article_modified_time":"2022-01-11T16:08:20+00:00","og_image":[{"url":"https:\/\/www.cmprojectsandservices.com\/wp-content\/uploads\/cover-electronic-1.jpg"}],"twitter_card":"summary","twitter_misc":{"Est. reading time":"5 minutes"},"schema":{"@context":"https:\/\/schema.org","@graph":[{"@type":"WebPage","@id":"https:\/\/www.cmprojectsandservices.com\/en\/our-services\/","url":"https:\/\/www.cmprojectsandservices.com\/en\/our-services\/","name":"Our Services - CM Projects &amp; Services","isPartOf":{"@id":"https:\/\/www.cmprojectsandservices.com\/#website"},"datePublished":"2022-01-11T15:37:05+00:00","dateModified":"2022-01-11T16:08:20+00:00","breadcrumb":{"@id":"https:\/\/www.cmprojectsandservices.com\/en\/our-services\/#breadcrumb"},"inLanguage":"en-US","potentialAction":[{"@type":"ReadAction","target":["https:\/\/www.cmprojectsandservices.com\/en\/our-services\/"]}]},{"@type":"BreadcrumbList","@id":"https:\/\/www.cmprojectsandservices.com\/en\/our-services\/#breadcrumb","itemListElement":[{"@type":"ListItem","position":1,"name":"Portada","item":"https:\/\/www.cmprojectsandservices.com\/en\/"},{"@type":"ListItem","position":2,"name":"Our Services"}]},{"@type":"WebSite","@id":"https:\/\/www.cmprojectsandservices.com\/#website","url":"https:\/\/www.cmprojectsandservices.com\/","name":"CM Projects &amp; Services","description":"","potentialAction":[{"@type":"SearchAction","target":{"@type":"EntryPoint","urlTemplate":"https:\/\/www.cmprojectsandservices.com\/?s={search_term_string}"},"query-input":"required name=search_term_string"}],"inLanguage":"en-US"}]}},"_links":{"self":[{"href":"https:\/\/www.cmprojectsandservices.com\/en\/wp-json\/wp\/v2\/pages\/3450"}],"collection":[{"href":"https:\/\/www.cmprojectsandservices.com\/en\/wp-json\/wp\/v2\/pages"}],"about":[{"href":"https:\/\/www.cmprojectsandservices.com\/en\/wp-json\/wp\/v2\/types\/page"}],"author":[{"embeddable":true,"href":"https:\/\/www.cmprojectsandservices.com\/en\/wp-json\/wp\/v2\/users\/2"}],"replies":[{"embeddable":true,"href":"https:\/\/www.cmprojectsandservices.com\/en\/wp-json\/wp\/v2\/comments?post=3450"}],"version-history":[{"count":21,"href":"https:\/\/www.cmprojectsandservices.com\/en\/wp-json\/wp\/v2\/pages\/3450\/revisions"}],"predecessor-version":[{"id":3471,"href":"https:\/\/www.cmprojectsandservices.com\/en\/wp-json\/wp\/v2\/pages\/3450\/revisions\/3471"}],"wp:attachment":[{"href":"https:\/\/www.cmprojectsandservices.com\/en\/wp-json\/wp\/v2\/media?parent=3450"}],"curies":[{"name":"wp","href":"https:\/\/api.w.org\/{rel}","templated":true}]}}